{"id":164,"date":"2022-05-10T07:11:20","date_gmt":"2022-05-10T07:11:20","guid":{"rendered":"http:\/\/localhost\/optcare\/?page_id=164"},"modified":"2025-07-10T09:59:22","modified_gmt":"2025-07-10T09:59:22","slug":"about-us","status":"publish","type":"page","link":"https:\/\/drchamadaoudi.com\/ar\/about-us\/","title":{"rendered":"\u0645\u0646 \u0646\u062d\u0646"},"content":{"rendered":"<div data-elementor-type=\"wp-page\" data-elementor-id=\"164\" class=\"elementor elementor-164\">\n\t\t\t\t\t\t<section class=\"elementor-section elementor-top-section elementor-element elementor-element-7343295c elementor-section-boxed elementor-section-height-default elementor-section-height-default\" data-id=\"7343295c\" data-element_type=\"section\">\n\t\t\t\t\t\t<div class=\"elementor-container elementor-column-gap-no\">\n\t\t\t\t\t<div class=\"elementor-column elementor-col-50 elementor-top-column elementor-element elementor-element-28e804c3\" data-id=\"28e804c3\" data-element_type=\"column\">\n\t\t\t<div class=\"elementor-widget-wrap elementor-element-populated\">\n\t\t\t\t\t\t<div class=\"elementor-element elementor-element-79e8634e elementor-widget elementor-widget-optcare_h1_about_left\" data-id=\"79e8634e\" data-element_type=\"widget\" data-widget_type=\"optcare_h1_about_left.default\">\n\t\t\t\t<div class=\"elementor-widget-container\">\n\t\t\t\t\t        \n\t\t  <section class=\"about-section pdoff\">\n            <div class=\"auto-container\">\n                <div class=\"row clearfix\">\n                    <div class=\"col-lg-12 image-column\">\n                        <div class=\"image_block_one\">\n                            <div class=\"image-box mr_30 pr_130 pb_100\">\n\n\t\t\t\t\t\t\t\t\t\t\t\t\t\t\t\t<div class=\"shape\" style=\"background-image: url();\"><\/div>\n\t\t\t\t\t\t\t\t\n                                <figure class=\"image\">\n\t\t\t\t\t\t\t\t\n\t\t\t\t\t\t\t\t   \n\t\t\t\t\t\t\t\t<img decoding=\"async\" src=\"https:\/\/drchamadaoudi.com\/wp-content\/uploads\/2025\/06\/171A8996.jpg\" alt=\"about image\"\/>\n\t\t\t\t\t\t\t\t\t\t\t\t\t\t\t\t\n\t\t\t\t\t\t\t\t<\/figure>\n\t\t\t\t\t\t\t\t\n                                <div class=\"text p_absolute r_0 b_0\">\n                                    <h2>20<\/h2>\n                                    <h4>ans d'exp\u00e9rience dans ce domaine<\/h4>\n                                <\/div>\n                            <\/div>\n                        <\/div>\n                    <\/div>\n\t\t\t\t<\/div>\n             <\/div>\n\t\t  <\/section>\n\n\t\t \n             \n\t\t\t\t\t\t<\/div>\n\t\t\t\t<\/div>\n\t\t\t\t\t<\/div>\n\t\t<\/div>\n\t\t\t\t<div class=\"elementor-column elementor-col-50 elementor-top-column elementor-element elementor-element-659c2c36\" data-id=\"659c2c36\" data-element_type=\"column\">\n\t\t\t<div class=\"elementor-widget-wrap elementor-element-populated\">\n\t\t\t\t\t\t<div class=\"elementor-element elementor-element-66b1fb7a elementor-widget elementor-widget-optcare_h1_about_right\" data-id=\"66b1fb7a\" data-element_type=\"widget\" data-widget_type=\"optcare_h1_about_right.default\">\n\t\t\t\t<div class=\"elementor-widget-container\">\n\t\t\t\t\t        \n\t\t\n\t\t <!-- about-section -->\n        <section class=\"about-section pdoff\">\n            <div class=\"auto-container\">\n                <div class=\"row clearfix\">\n                    <div class=\"col-lg-12 content-column\">\n                        <div class=\"content_block_one\">\n                            <div class=\"content-box ml_30\">\n                                <div class=\"sec-title left p_relative d_block mb_25\">\n                                    <span class=\"sub-title\">Dr Chama Daoudi<\/span>\n                                    <h2>\u0639\u0646 \u0627\u0644\u062f\u0643\u062a\u0648\u0631\u0629 \u0634\u0627\u0645\u0627<\/h2>\n                                <\/div>\n                                <div class=\"text p_relative d_block\">\n                                    <p>\u0627\u0644\u062f\u0643\u062a\u0648\u0631\u0629 \u0634\u0627\u0645\u0629 \u0627\u0644\u062f\u0627\u0648\u062f\u064a \u0647\u064a \u0623\u062e\u0635\u0627\u0626\u064a\u0629 \u0637\u0628 \u0648\u062c\u0631\u0627\u062d\u0629 \u0627\u0644\u0639\u064a\u0648\u0646\u060c \u0645\u0639\u0631\u0648\u0641\u0629 \u0628\u062e\u0628\u0631\u062a\u0647\u0627\u060c \u0648\u062f\u0642\u062a\u0647\u0627\u060c \u0648\u062d\u0631\u0635\u0647\u0627 \u0639\u0644\u0649 \u0627\u0644\u0639\u0646\u0627\u064a\u0629 \u0628\u0627\u0644\u0645\u0631\u0636\u0649.\n\u062a\u062a\u0648\u0644\u0649 \u0639\u0644\u0627\u062c \u0643\u0644 \u0645\u0646 \u0627\u0644\u0628\u0627\u0644\u063a\u064a\u0646 \u0648\u0627\u0644\u0623\u0637\u0641\u0627\u0644\u060c \u0645\u0642\u062f\u0645\u0629 \u0631\u0639\u0627\u064a\u0629 \u0637\u0628\u064a\u0629 \u0634\u062e\u0635\u064a\u0629 \u062a\u0628\u062f\u0623 \u0645\u0646 \u0627\u0644\u0648\u0642\u0627\u064a\u0629 \u0648\u0635\u0648\u0644\u064b\u0627 \u0625\u0644\u0649 \u0627\u0644\u0639\u0644\u0627\u062c.\n\u062a\u0639\u0645\u0644 \u0641\u064a \u0627\u0644\u0631\u0628\u0627\u0637 \u2013 \u0623\u0643\u062f\u0627\u0644\u060c \u0628\u0645\u0631\u0643\u0632 \u062f\u0627\u0648\u062f\u064a \u0644\u0637\u0628 \u0627\u0644\u0639\u064a\u0648\u0646\u060c \u0648\u0647\u0648 \u0639\u064a\u0627\u062f\u0629 \u062d\u062f\u064a\u062b\u0629 \u0645\u062c\u0647\u0632\u0629 \u0628\u0623\u062d\u062f\u062b \u0627\u0644\u062a\u0642\u0646\u064a\u0627\u062a.\n\u062a\u0639\u062a\u0645\u062f \u0641\u064a \u0645\u0646\u0647\u062c\u0647\u0627 \u0639\u0644\u0649 \u0637\u0628 \u0642\u0631\u064a\u0628 \u0645\u0646 \u0627\u0644\u0645\u0631\u064a\u0636 \u064a\u062c\u0645\u0639 \u0628\u064a\u0646 \u0627\u0644\u0627\u062d\u062a\u0631\u0627\u0641\u064a\u0629 \u0648\u0627\u0644\u0625\u0646\u0633\u0627\u0646\u064a\u0629 \u0648\u0627\u0644\u0627\u0628\u062a\u0643\u0627\u0631 \u0627\u0644\u0645\u0633\u062a\u0645\u0631.\n\u062a\u0634\u0645\u0644 \u0645\u062c\u0627\u0644\u0627\u062a \u062e\u0628\u0631\u062a\u0647\u0627 \u0628\u0634\u0643\u0644 \u062e\u0627\u0635:<\/p>\n                                <\/div>\n                                <div class=\"inner-box\">\n                                    <div class=\"row clearfix\">\n\t\t\t\t\t\t\t\t\t\t\n                                        <div class=\"col-lg-6 col-md-6 col-sm-12 single-column\">\n                                            <div class=\"single-item\">\n                                                <h3>\u0645\u062c\u0627\u0644\u0627\u062a \u0627\u0644\u062e\u0628\u0631\u0629 <\/h3>\n                                                <ul class=\"list-style-one clearfix\">\n                                                    <li>\u0627\u0644\u062c\u0631\u0627\u062d\u0629 \u0627\u0644\u0627\u0646\u0643\u0633\u0627\u0631\u064a\u0629<\/li>\n                                                    <li>\u0639\u0644\u0627\u062c \u0627\u0644\u0642\u0631\u0646\u064a\u0629 \u0627\u0644\u0645\u062e\u0631\u0648\u0637\u064a\u0629 <\/li>\n                                                    <li>\u062c\u0631\u0627\u062d\u0629 \u0627\u0644\u0633\u0627\u062f<\/li>\n                                                <\/ul>\n                                            <\/div>\n                                        <\/div>\n\t\t\t\t\t\t\t\t\t\t\n                                        <div class=\"col-lg-6 col-md-6 col-sm-12 single-column\">\n                                            <div class=\"single-item\">\n                                                <h3>  <br><\/h3>\n                                                <ul class=\"list-style-one clearfix\">\n                                                    <li>\u0645\u062a\u0627\u0628\u0639\u0629 \u0627\u0644\u0623\u0645\u0631\u0627\u0636<\/li>\n                                                    <li>\u0637\u0628 \u0639\u064a\u0648\u0646 \u0627\u0644\u0623\u0637\u0641\u0627\u0644<\/li>\n                                                    <li>\u0627\u0644\u0643\u0634\u0641 \u0627\u0644\u0645\u0628\u0643\u0631 \u0648\u0627\u0644\u0639\u0644\u0627\u062c<\/li>\n                                                <\/ul>\n                                            <\/div>\n                                        <\/div>\n\t\t\t\t\t\t\t\t\t\t\n                                    <\/div>\n                                <\/div>\n                            <\/div>\n                        <\/div>\n                    <\/div>\n                <\/div>\n            <\/div>\n        <\/section>\n        \n\t\t\t\t\t\t<\/div>\n\t\t\t\t<\/div>\n\t\t\t\t\t<\/div>\n\t\t<\/div>\n\t\t\t\t\t<\/div>\n\t\t<\/section>\n\t\t<div class=\"elementor-element elementor-element-121ed08d e-flex e-con-boxed e-con e-parent\" data-id=\"121ed08d\" data-element_type=\"container\" id=\"xs_cta_style_19\">\n\t\t\t\t\t<div class=\"e-con-inner\">\n\t\t\t\t<div class=\"elementor-element elementor-element-fe1fac1 elementor-widget elementor-widget-elementskit-heading\" data-id=\"fe1fac1\" data-element_type=\"widget\" data-widget_type=\"elementskit-heading.default\">\n\t\t\t\t<div class=\"elementor-widget-container\">\n\t\t\t\t\t<div class=\"ekit-wid-con\" ><div class=\"ekit-heading elementskit-section-title-wraper text_center   ekit_heading_tablet-   ekit_heading_mobile-\"><h2 class=\"ekit-heading--title elementskit-section-title\">Engagement Humain<\/h2><div class=\"ekit_heading_separetor_wraper ekit_heading_elementskit-border-divider ekit-dotted\"><div class=\"elementskit-border-divider ekit-dotted\"><\/div><\/div>\t\t\t\t<div class='ekit-heading__description'>\n\t\t\t\t\t<p>Derri\u00e8re chaque soin, il y a une \u00e9coute attentive, une approche humaine et une passion sinc\u00e8re pour le bien-\u00eatre des patients.<\/p>\n\t\t\t\t<\/div>\n\t\t\t<\/div><\/div>\t\t\t\t<\/div>\n\t\t\t\t<\/div>\n\t\t<div class=\"elementor-element elementor-element-7b2c5c7f e-con-full e-flex e-con e-child\" data-id=\"7b2c5c7f\" data-element_type=\"container\" data-settings=\"{&quot;background_background&quot;:&quot;classic&quot;}\">\n\t\t\t\t<div class=\"elementor-element elementor-element-7e8fe0e3 elementor-widget elementor-widget-elementskit-heading\" data-id=\"7e8fe0e3\" data-element_type=\"widget\" data-widget_type=\"elementskit-heading.default\">\n\t\t\t\t<div class=\"elementor-widget-container\">\n\t\t\t\t\t<div class=\"ekit-wid-con\" ><div class=\"ekit-heading elementskit-section-title-wraper center   ekit_heading_tablet-   ekit_heading_mobile-\"><h2 class=\"ekit-heading--title elementskit-section-title\">\u062a\u0648\u0627\u0635\u0644 \u0645\u0639\u0646\u0627 <span><span>Direct<\/span><\/span><\/h2>\t\t\t\t<div class='ekit-heading__description'>\n\t\t\t\t\t<p>Pour toute question ou pour en savoir plus sur nos services, n\u2019h\u00e9sitez pas \u00e0 nous contacter. Nous sommes \u00e0 votre disposition pour vous accompagner.<\/p>\n\t\t\t\t<\/div>\n\t\t\t<\/div><\/div>\t\t\t\t<\/div>\n\t\t\t\t<\/div>\n\t\t\t\t<div class=\"elementor-element elementor-element-433008cc elementor-align--mobilecenter elementor-align-center elementor-widget elementor-widget-elementskit-button\" data-id=\"433008cc\" data-element_type=\"widget\" data-widget_type=\"elementskit-button.default\">\n\t\t\t\t<div class=\"elementor-widget-container\">\n\t\t\t\t\t<div class=\"ekit-wid-con\" >\t\t<div class=\"ekit-btn-wraper\">\n\t\t\t\t\t\t\t<a href=\"\/ar\/contact\/\" class=\"elementskit-btn  whitespace--normal\" id=\"\">\n\t\t\t\t\t\u0627\u062a\u0635\u0644 \u0628\u0646\u0627\t\t\t\t<\/a>\n\t\t\t\t\t<\/div>\n        <\/div>\t\t\t\t<\/div>\n\t\t\t\t<\/div>\n\t\t\t\t<\/div>\n\t\t\t\t\t<\/div>\n\t\t\t\t<\/div>\n\t\t\t\t<\/div>\n\t\t\n    <div class=\"xs_social_share_widget xs_share_url after_content \t\tmain_content  wslu-style-1 wslu-share-box-shaped wslu-fill-colored wslu-none wslu-share-horizontal wslu-theme-font-no wslu-main_content\">\n\n\t\t\n        <ul>\n\t\t\t        <\/ul>\n    <\/div>","protected":false},"excerpt":{"rendered":"<p>20 ans d&rsquo;exp\u00e9rience dans ce domaine Dr Chama Daoudi \u00c0 propos du Dr Chama Daoudi Le Dr Chama Daoudi est une ophtalmologiste sp\u00e9cialis\u00e9e en m\u00e9decine et chirurgie des yeux, reconnue pour son expertise, sa rigueur et sa bienveillance. Elle prend en charge aussi bien les adultes que les enfants, en proposant un accompagnement m\u00e9dical personnalis\u00e9, [&hellip;]<\/p>","protected":false},"author":1,"featured_media":0,"parent":0,"menu_order":0,"comment_status":"closed","ping_status":"closed","template":"tpl-default-elementor.php","meta":{"footnotes":""},"class_list":["post-164","page","type-page","status-publish","hentry"],"_links":{"self":[{"href":"https:\/\/drchamadaoudi.com\/ar\/wp-json\/wp\/v2\/pages\/164","targetHints":{"allow":["GET"]}}],"collection":[{"href":"https:\/\/drchamadaoudi.com\/ar\/wp-json\/wp\/v2\/pages"}],"about":[{"href":"https:\/\/drchamadaoudi.com\/ar\/wp-json\/wp\/v2\/types\/page"}],"author":[{"embeddable":true,"href":"https:\/\/drchamadaoudi.com\/ar\/wp-json\/wp\/v2\/users\/1"}],"replies":[{"embeddable":true,"href":"https:\/\/drchamadaoudi.com\/ar\/wp-json\/wp\/v2\/comments?post=164"}],"version-history":[{"count":60,"href":"https:\/\/drchamadaoudi.com\/ar\/wp-json\/wp\/v2\/pages\/164\/revisions"}],"predecessor-version":[{"id":6367,"href":"https:\/\/drchamadaoudi.com\/ar\/wp-json\/wp\/v2\/pages\/164\/revisions\/6367"}],"wp:attachment":[{"href":"https:\/\/drchamadaoudi.com\/ar\/wp-json\/wp\/v2\/media?parent=164"}],"curies":[{"name":"wp","href":"https:\/\/api.w.org\/{rel}","templated":true}]}}