{"id":2482,"date":"2022-05-24T10:35:31","date_gmt":"2022-05-24T10:35:31","guid":{"rendered":"http:\/\/localhost\/optcare\/?page_id=2482"},"modified":"2025-07-01T14:52:41","modified_gmt":"2025-07-01T14:52:41","slug":"surgical-procedures","status":"publish","type":"page","link":"https:\/\/drchamadaoudi.com\/ar\/surgical-procedures\/","title":{"rendered":"Chirurgie r\u00e9fractive"},"content":{"rendered":"<div data-elementor-type=\"wp-page\" data-elementor-id=\"2482\" class=\"elementor elementor-2482\">\n\t\t\t\t\t\t<section class=\"elementor-section elementor-top-section elementor-element elementor-element-c87a503 elementor-section-boxed elementor-section-height-default elementor-section-height-default\" data-id=\"c87a503\" data-element_type=\"section\">\n\t\t\t\t\t\t<div class=\"elementor-container elementor-column-gap-default\">\n\t\t\t\t\t<div class=\"elementor-column elementor-col-33 elementor-top-column elementor-element elementor-element-c3a26f3\" data-id=\"c3a26f3\" data-element_type=\"column\">\n\t\t\t<div class=\"elementor-widget-wrap elementor-element-populated\">\n\t\t\t\t\t\t<div class=\"elementor-element elementor-element-a7b2d4b elementor-widget elementor-widget-optcare_sidebar_categories\" data-id=\"a7b2d4b\" data-element_type=\"widget\" data-widget_type=\"optcare_sidebar_categories.default\">\n\t\t\t\t<div class=\"elementor-widget-container\">\n\t\t\t\t\t\t\t\n        <section class=\"\">\n\t\t\t<div class=\"col-lg-12 col-md-12 col-sm-12 sidebar-side\">\n\t\t\t\t<div class=\"service-sidebar mr_40\">\n\t\t\t\t\t<div class=\"text\">\n\t\t\t\t\t\t<h3>\u0627\u0644\u062a\u062e\u0635\u0635<\/h3>\n\t\t\t\t\t\t<p><\/p>\n\t\t\t\t\t<\/div>\n\t\t\t\t\t<ul class=\"category-list clearfix\">\n\t\t\t\t\t\n\t\t\t\t\t\t\t\n\t\t\t\t\t\t\t\t\t\t\t\t\n\t\t\t\t\t\t<li class=\"translation-block\"><span style=\"color:white\">\u0627\u0644\u062c\u0631\u0627\u062d\u0629 \u0627\u0644\u0627\u0646\u0643\u0633\u0627\u0631\u064a\u0629<\/span><\/li>\n\t\t\t\t\t\t\t\t\t\t\n\t\t\t\t\t\t\t\t\t\t\t\t\t\n\t\t\t\t\t\t\t\t\t\t\t\t<li><a href=\"\/ar\/pediatric-ophthalmology\/\">\u0627\u0644\u0642\u0631\u0646\u064a\u0629 \u0627\u0644\u0645\u062e\u0631\u0648\u0637\u064a\u0629<\/a><\/li>\n\t\t\t\t\t\t\t\t\t\t\t\t\t\t\n\t\t\t\t\t\t\t\t\t\t\t\t<li class=\"translation-block\"><span style=\"color:white\"> \u062c\u0631\u0627\u062d\u0629 \u0627\u0644\u0633\u0627\u062f <\/span><\/li>\n\t\t\t\t\t\t\t\t\t\t\t\t\t\t\n\t\t\t\t\t\t\t\t\t\t\t\t<li><a href=\"\/ar\/laser-eye-surgery\/\">D\u00e9pistage et traitement des troubles visuels chez l\u2019enfant\n<\/a><\/li>\n\t\t\t\t\t\t\t\t\t\t\t\t\t\t\n\t\t\t\t\t\t\t\t\t\t\t\t<li><a href=\"\/ar\/suivi-des-pathologies\/\">\u0645\u062a\u0627\u0628\u0639\u0629 \u0623\u0645\u0631\u0627\u0636 \u0627\u0644\u0639\u064a\u0646<\/a><\/li>\n\t\t\t\t\t\t\t\t\t\t\t\t\t\t\t\t\t\t\t\n\t\t\t\t\t<\/ul>\n\t\t\t\t<\/div>\n\t\t\t<\/div>\n        <\/section>\n\t\t\t \n\t\t\t\t\t\t<\/div>\n\t\t\t\t<\/div>\n\t\t\t\t\t<\/div>\n\t\t<\/div>\n\t\t\t\t<div class=\"elementor-column elementor-col-66 elementor-top-column elementor-element elementor-element-e9a1adc\" data-id=\"e9a1adc\" data-element_type=\"column\">\n\t\t\t<div class=\"elementor-widget-wrap elementor-element-populated\">\n\t\t\t\t\t\t<div class=\"elementor-element elementor-element-909b4f3 elementor-widget elementor-widget-optcare_service_one\" data-id=\"909b4f3\" data-element_type=\"widget\" data-widget_type=\"optcare_service_one.default\">\n\t\t\t\t<div class=\"elementor-widget-container\">\n\t\t\t\t\t        <section class=\"\">\n\t\t\t<div class=\"col-lg-12 col-md-12 col-sm-12 content-side\">\n\t\t\t\t<div class=\"service-details-content\">\n\t\t\t\t\t<div class=\"content-one\">\n\t\t\t\t\t\t<div class=\"text\">\n\t\t\t\t\t\t\t<h2>Chirurgie r\u00e9fractive (myopie, hyperm\u00e9tropie, astigmatisme, presbytie)<\/h2>\n\t\t\t\t\t\t\t<p>La chirurgie r\u00e9fractive regroupe l\u2019ensemble des interventions ayant pour objectif de corriger les d\u00e9fauts de la vision, appel\u00e9s troubles de la r\u00e9fraction. Elle s\u2019adresse aux personnes souffrant de myopie (vision floue de loin), d\u2019hyperm\u00e9tropie (vision floue de pr\u00e8s), d\u2019astigmatisme (vision d\u00e9form\u00e9e ou floue \u00e0 toutes les distances), ou encore de presbytie (difficult\u00e9 \u00e0 voir de pr\u00e8s li\u00e9e \u00e0 l\u2019\u00e2ge).\nCes interventions permettent de modifier la courbure de la corn\u00e9e, souvent \u00e0 l\u2019aide de technologies laser de haute pr\u00e9cision comme le LASIK ou la PKR, pour que la lumi\u00e8re se focalise correctement sur la r\u00e9tine. D\u2019autres techniques peuvent impliquer la pose d\u2019implants intraoculaires, notamment pour les cas plus complexes ou chez les patients presbytes.\nRapide, indolore et g\u00e9n\u00e9ralement r\u00e9alis\u00e9e en ambulatoire, la chirurgie r\u00e9fractive offre un r\u00e9sultat durable et am\u00e9liore significativement la qualit\u00e9 de vie en r\u00e9duisant la d\u00e9pendance aux lunettes ou lentilles. Un bilan pr\u00e9op\u00e9ratoire complet est indispensable pour \u00e9valuer l\u2019\u00e9ligibilit\u00e9 du patient et choisir la technique la plus adapt\u00e9e \u00e0 son profil visuel.\n<\/p>\n\t\t\t\t\t\t\t<p><\/p>\n\t\t\t\t\t\t<\/div>\n\t\t\t\t\t<\/div>\n\t\t\t\t<\/div>\n\t\t\t<\/div>\n        <\/section>\n\t\t\t \n\t\t\t\t\t\t<\/div>\n\t\t\t\t<\/div>\n\t\t\t\t<div class=\"elementor-element elementor-element-6dc3742 elementor-widget elementor-widget-image\" data-id=\"6dc3742\" data-element_type=\"widget\" data-widget_type=\"image.default\">\n\t\t\t\t<div class=\"elementor-widget-container\">\n\t\t\t\t\t\t\t\t\t\t\t\t\t\t\t<img decoding=\"async\" src=\"http:\/\/localhost\/optcare\/wp-content\/uploads\/2022\/05\/service-8.jpg\" title=\"\" alt=\"\" loading=\"lazy\" \/>\t\t\t\t\t\t\t\t\t\t\t\t\t\t\t<\/div>\n\t\t\t\t<\/div>\n\t\t\t\t\t<\/div>\n\t\t<\/div>\n\t\t\t\t\t<\/div>\n\t\t<\/section>\n\t\t\t\t<\/div>\n\t\t\n    <div class=\"xs_social_share_widget xs_share_url after_content \t\tmain_content  wslu-style-1 wslu-share-box-shaped wslu-fill-colored wslu-none wslu-share-horizontal wslu-theme-font-no wslu-main_content\">\n\n\t\t\n        <ul>\n\t\t\t        <\/ul>\n    <\/div>","protected":false},"excerpt":{"rendered":"<p>Sp\u00e9cialit\u00e9 Chirurgie r\u00e9fractive K\u00e9ratoc\u00f4ne Chirurgie de la cataracte D\u00e9pistage et traitement des troubles visuels chez l\u2019enfant Suivi des pathologies oculaires chroniques Chirurgie r\u00e9fractive (myopie, hyperm\u00e9tropie, astigmatisme, presbytie) La chirurgie r\u00e9fractive regroupe l\u2019ensemble des interventions ayant pour objectif de corriger les d\u00e9fauts de la vision, appel\u00e9s troubles de la r\u00e9fraction. Elle s\u2019adresse aux personnes souffrant de [&hellip;]<\/p>","protected":false},"author":1,"featured_media":0,"parent":0,"menu_order":0,"comment_status":"closed","ping_status":"closed","template":"tpl-default-elementor.php","meta":{"footnotes":""},"class_list":["post-2482","page","type-page","status-publish","hentry"],"_links":{"self":[{"href":"https:\/\/drchamadaoudi.com\/ar\/wp-json\/wp\/v2\/pages\/2482","targetHints":{"allow":["GET"]}}],"collection":[{"href":"https:\/\/drchamadaoudi.com\/ar\/wp-json\/wp\/v2\/pages"}],"about":[{"href":"https:\/\/drchamadaoudi.com\/ar\/wp-json\/wp\/v2\/types\/page"}],"author":[{"embeddable":true,"href":"https:\/\/drchamadaoudi.com\/ar\/wp-json\/wp\/v2\/users\/1"}],"replies":[{"embeddable":true,"href":"https:\/\/drchamadaoudi.com\/ar\/wp-json\/wp\/v2\/comments?post=2482"}],"version-history":[{"count":16,"href":"https:\/\/drchamadaoudi.com\/ar\/wp-json\/wp\/v2\/pages\/2482\/revisions"}],"predecessor-version":[{"id":6132,"href":"https:\/\/drchamadaoudi.com\/ar\/wp-json\/wp\/v2\/pages\/2482\/revisions\/6132"}],"wp:attachment":[{"href":"https:\/\/drchamadaoudi.com\/ar\/wp-json\/wp\/v2\/media?parent=2482"}],"curies":[{"name":"wp","href":"https:\/\/api.w.org\/{rel}","templated":true}]}}