{"id":2484,"date":"2022-05-24T10:36:40","date_gmt":"2022-05-24T10:36:40","guid":{"rendered":"http:\/\/localhost\/optcare\/?page_id=2484"},"modified":"2025-07-01T14:54:17","modified_gmt":"2025-07-01T14:54:17","slug":"pediatric-ophthalmology","status":"publish","type":"page","link":"https:\/\/drchamadaoudi.com\/ar\/pediatric-ophthalmology\/","title":{"rendered":"\u0627\u0644\u0642\u0631\u0646\u064a\u0629 \u0627\u0644\u0645\u062e\u0631\u0648\u0637\u064a\u0629"},"content":{"rendered":"<div data-elementor-type=\"wp-page\" data-elementor-id=\"2484\" class=\"elementor elementor-2484\">\n\t\t\t\t\t\t<section class=\"elementor-section elementor-top-section elementor-element elementor-element-2e523fa elementor-section-boxed elementor-section-height-default elementor-section-height-default\" data-id=\"2e523fa\" data-element_type=\"section\">\n\t\t\t\t\t\t<div class=\"elementor-container elementor-column-gap-default\">\n\t\t\t\t\t<div class=\"elementor-column elementor-col-33 elementor-top-column elementor-element elementor-element-6b2bc0d0\" data-id=\"6b2bc0d0\" data-element_type=\"column\">\n\t\t\t<div class=\"elementor-widget-wrap elementor-element-populated\">\n\t\t\t\t\t\t<div class=\"elementor-element elementor-element-c30dd06 elementor-widget elementor-widget-optcare_sidebar_categories\" data-id=\"c30dd06\" data-element_type=\"widget\" data-widget_type=\"optcare_sidebar_categories.default\">\n\t\t\t\t<div class=\"elementor-widget-container\">\n\t\t\t\t\t\t\t\n        <section class=\"\">\n\t\t\t<div class=\"col-lg-12 col-md-12 col-sm-12 sidebar-side\">\n\t\t\t\t<div class=\"service-sidebar mr_40\">\n\t\t\t\t\t<div class=\"text\">\n\t\t\t\t\t\t<h3>\u0627\u0644\u062a\u062e\u0635\u0635<\/h3>\n\t\t\t\t\t\t<p><\/p>\n\t\t\t\t\t<\/div>\n\t\t\t\t\t<ul class=\"category-list clearfix\">\n\t\t\t\t\t\n\t\t\t\t\t\t\t\n\t\t\t\t\t\t\t\t\t\t\t\t<li class=\"translation-block\"><span style=\"color:white\">\u0627\u0644\u062c\u0631\u0627\u062d\u0629 \u0627\u0644\u0627\u0646\u0643\u0633\u0627\u0631\u064a\u0629<\/span><\/li>\n\t\t\t\t\t\t\t\t\t\t\t\t\t\t\n\t\t\t\t\t\t\t\t\t\t\t\t\n\t\t\t\t\t\t<li><a href=\"\/ar\/pediatric-ophthalmology\/\" class=\"current\">\u0627\u0644\u0642\u0631\u0646\u064a\u0629 \u0627\u0644\u0645\u062e\u0631\u0648\u0637\u064a\u0629<\/a><\/li>\n\t\t\t\t\t\t\t\t\t\t\n\t\t\t\t\t\t\t\t\t\t\t\t\t\n\t\t\t\t\t\t\t\t\t\t\t\t<li class=\"translation-block\"><span style=\"color:white\"> \u062c\u0631\u0627\u062d\u0629 \u0627\u0644\u0633\u0627\u062f <\/span><\/li>\n\t\t\t\t\t\t\t\t\t\t\t\t\t\t\n\t\t\t\t\t\t\t\t\t\t\t\t<li><a href=\"\/ar\/laser-eye-surgery\/\">D\u00e9pistage et traitement des troubles visuels chez l\u2019enfant\n<\/a><\/li>\n\t\t\t\t\t\t\t\t\t\t\t\t\t\t\n\t\t\t\t\t\t\t\t\t\t\t\t<li><a href=\"\/ar\/suivi-des-pathologies\/\">\u0645\u062a\u0627\u0628\u0639\u0629 \u0623\u0645\u0631\u0627\u0636 \u0627\u0644\u0639\u064a\u0646<\/a><\/li>\n\t\t\t\t\t\t\t\t\t\t\t\t\t\t\t\t\t\t\t\n\t\t\t\t\t<\/ul>\n\t\t\t\t<\/div>\n\t\t\t<\/div>\n        <\/section>\n\t\t\t \n\t\t\t\t\t\t<\/div>\n\t\t\t\t<\/div>\n\t\t\t\t\t<\/div>\n\t\t<\/div>\n\t\t\t\t<div class=\"elementor-column elementor-col-66 elementor-top-column elementor-element elementor-element-6e1521cd\" data-id=\"6e1521cd\" data-element_type=\"column\">\n\t\t\t<div class=\"elementor-widget-wrap elementor-element-populated\">\n\t\t\t\t\t\t<div class=\"elementor-element elementor-element-7433299e elementor-widget elementor-widget-optcare_service_one\" data-id=\"7433299e\" data-element_type=\"widget\" data-widget_type=\"optcare_service_one.default\">\n\t\t\t\t<div class=\"elementor-widget-container\">\n\t\t\t\t\t        <section class=\"\">\n\t\t\t<div class=\"col-lg-12 col-md-12 col-sm-12 content-side\">\n\t\t\t\t<div class=\"service-details-content\">\n\t\t\t\t\t<div class=\"content-one\">\n\t\t\t\t\t\t<div class=\"text\">\n\t\t\t\t\t\t\t<h2>K\u00e9ratoc\u00f4ne (diagnostic pr\u00e9coce, traitement par cross-linking, lentilles sp\u00e9cialis\u00e9es)<\/h2>\n\t\t\t\t\t\t\t<p>Le k\u00e9ratoc\u00f4ne est une maladie \u00e9volutive de la corn\u00e9e qui entra\u00eene un amincissement progressif et une d\u00e9formation en forme de c\u00f4ne. Cette irr\u00e9gularit\u00e9 corn\u00e9enne provoque une vision floue, une sensibilit\u00e9 \u00e0 la lumi\u00e8re et une difficult\u00e9 \u00e0 corriger la vue avec des lunettes classiques. Il appara\u00eet g\u00e9n\u00e9ralement \u00e0 l\u2019adolescence ou au d\u00e9but de l\u2019\u00e2ge adulte, et peut \u00e9voluer lentement ou rapidement selon les cas.<\/p>\n\t\t\t\t\t\t\t<p>Un diagnostic pr\u00e9coce est essentiel pour ralentir la progression de la maladie. Il repose sur des examens sp\u00e9cialis\u00e9s de la corn\u00e9e, notamment la topographie corn\u00e9enne, qui permet de d\u00e9tecter les moindres d\u00e9formations.\nLe cross-linking corn\u00e9en est aujourd\u2019hui le traitement de r\u00e9f\u00e9rence pour stabiliser le k\u00e9ratoc\u00f4ne. Il consiste \u00e0 renforcer la structure de la corn\u00e9e \u00e0 l\u2019aide de rayons UV associ\u00e9s \u00e0 la riboflavine (vitamine B2), afin de freiner l\u2019\u00e9volution de la maladie.\nEn parall\u00e8le, des lentilles de contact sp\u00e9cialis\u00e9es (rigides, scl\u00e9rales ou hybrides) sont souvent propos\u00e9es pour am\u00e9liorer la qualit\u00e9 de la vision en compensant l\u2019irr\u00e9gularit\u00e9 de la corn\u00e9e. Dans les formes plus avanc\u00e9es, des options chirurgicales comme les anneaux intracorn\u00e9ens ou la greffe de corn\u00e9e peuvent \u00eatre envisag\u00e9es.<\/p>\n\t\t\t\t\t\t<\/div>\n\t\t\t\t\t<\/div>\n\t\t\t\t<\/div>\n\t\t\t<\/div>\n        <\/section>\n\t\t\t \n\t\t\t\t\t\t<\/div>\n\t\t\t\t<\/div>\n\t\t\t\t<div class=\"elementor-element elementor-element-55be26bb elementor-widget elementor-widget-image\" data-id=\"55be26bb\" data-element_type=\"widget\" data-widget_type=\"image.default\">\n\t\t\t\t<div class=\"elementor-widget-container\">\n\t\t\t\t\t\t\t\t\t\t\t\t\t\t\t<img decoding=\"async\" src=\"http:\/\/localhost\/optcare\/wp-content\/uploads\/2022\/05\/service-10.jpg\" title=\"\" alt=\"\" loading=\"lazy\" \/>\t\t\t\t\t\t\t\t\t\t\t\t\t\t\t<\/div>\n\t\t\t\t<\/div>\n\t\t\t\t\t<\/div>\n\t\t<\/div>\n\t\t\t\t\t<\/div>\n\t\t<\/section>\n\t\t\t\t<\/div>\n\t\t\n    <div class=\"xs_social_share_widget xs_share_url after_content \t\tmain_content  wslu-style-1 wslu-share-box-shaped wslu-fill-colored wslu-none wslu-share-horizontal wslu-theme-font-no wslu-main_content\">\n\n\t\t\n        <ul>\n\t\t\t        <\/ul>\n    <\/div>","protected":false},"excerpt":{"rendered":"<p>Sp\u00e9cialit\u00e9 Chirurgie r\u00e9fractive K\u00e9ratoc\u00f4ne Chirurgie de la cataracte D\u00e9pistage et traitement des troubles visuels chez l\u2019enfant Suivi des pathologies oculaires chroniques K\u00e9ratoc\u00f4ne (diagnostic pr\u00e9coce, traitement par cross-linking, lentilles sp\u00e9cialis\u00e9es) Le k\u00e9ratoc\u00f4ne est une maladie \u00e9volutive de la corn\u00e9e qui entra\u00eene un amincissement progressif et une d\u00e9formation en forme de c\u00f4ne. Cette irr\u00e9gularit\u00e9 corn\u00e9enne provoque une [&hellip;]<\/p>","protected":false},"author":1,"featured_media":0,"parent":0,"menu_order":0,"comment_status":"closed","ping_status":"closed","template":"tpl-default-elementor.php","meta":{"footnotes":""},"class_list":["post-2484","page","type-page","status-publish","hentry"],"_links":{"self":[{"href":"https:\/\/drchamadaoudi.com\/ar\/wp-json\/wp\/v2\/pages\/2484","targetHints":{"allow":["GET"]}}],"collection":[{"href":"https:\/\/drchamadaoudi.com\/ar\/wp-json\/wp\/v2\/pages"}],"about":[{"href":"https:\/\/drchamadaoudi.com\/ar\/wp-json\/wp\/v2\/types\/page"}],"author":[{"embeddable":true,"href":"https:\/\/drchamadaoudi.com\/ar\/wp-json\/wp\/v2\/users\/1"}],"replies":[{"embeddable":true,"href":"https:\/\/drchamadaoudi.com\/ar\/wp-json\/wp\/v2\/comments?post=2484"}],"version-history":[{"count":19,"href":"https:\/\/drchamadaoudi.com\/ar\/wp-json\/wp\/v2\/pages\/2484\/revisions"}],"predecessor-version":[{"id":6133,"href":"https:\/\/drchamadaoudi.com\/ar\/wp-json\/wp\/v2\/pages\/2484\/revisions\/6133"}],"wp:attachment":[{"href":"https:\/\/drchamadaoudi.com\/ar\/wp-json\/wp\/v2\/media?parent=2484"}],"curies":[{"name":"wp","href":"https:\/\/api.w.org\/{rel}","templated":true}]}}